{"id":1837,"date":"2023-10-06T15:58:59","date_gmt":"2023-10-06T13:58:59","guid":{"rendered":"https:\/\/www.camping-les-clarines.com\/full-marks\/"},"modified":"2026-04-30T14:33:49","modified_gmt":"2026-04-30T12:33:49","slug":"full-marks","status":"publish","type":"page","link":"https:\/\/www.camping-les-clarines.com\/en\/full-marks\/","title":{"rendered":"Legal information"},"content":{"rendered":"<section id=\"ls-section-block_98368b90c88a65dd5e0ce2e2588a6edd\" class=\"ls-section  m-t-0 page-two\" >\n        <div class=\"container \">\n        \n\n<h2 class=\"ls__heading wp-block-heading\">Terms of use<\/h2>\n\n\n\n<p class=\"ls-paragraph\"> <\/p>\n\n\n\n<h2 class=\"ls__heading wp-block-heading\">RESPONSIBLE FOR THE SITE<\/h2>\n\n\n\n<p class=\"ls-paragraph\"><strong>CAMPING LES CLARINES<\/strong><br\/>1424, avenue du Mar\u00e9chal Leclerc &#8211; 63150 LA BOURBOULE<br\/>T\u00e9l. : 04 73 81 02 30<br\/>Email : contact@camping-les-clarines.com<br\/>SIRET : 478 076 623 000 22 \u2013 RCS Clermont-Ferrand &#8211; 478076623<br\/>Code APE : 5530Z<br\/>TVA Intracommunautaire : FR06 4780 76 623<br\/>SAS DESIR CAMP au capital social de 100 000 \u20ac<br\/>Responsable de publication : Isabelle VALLEE<\/p>\n\n\n\n<h2 class=\"ls__heading wp-block-heading\">PRODUCTION<\/h2>\n\n\n\n<p class=\"ls-paragraph\"><strong>GEEK TONIC<\/strong><br\/>Repr\u00e9sent\u00e9e par M. Yohan Darmayan en sa qualit\u00e9 de G\u00e9rant<br\/>Si\u00e8ge social : 50 AV. DU LAC MARION 64200 BIARRITZ<br\/>T\u00e9l : 05 32 74 11 52<br\/>E-mail : support@geek-tonic.com<br\/>Site web : <a href=\"https:\/\/www.geek-tonic.com\/\">www.geek-tonic.com<\/a><br\/>SIRET : 89746755100015<br\/>APE : 6201Z<\/p>\n\n\n\n<h2 class=\"ls__heading wp-block-heading\">ROYALTIES AND COPYRIGHTS<\/h2>\n\n\n\n<p class=\"ls-paragraph\">The entire content of this site is subject to copyright and intellectual property rights under French law. Any reproduction (including photos, icons and downloadable documents) is prohibited without prior consent from GEEK TONIC. Reproduction on electronic media of all or part of the site in paper or electronic format is prohibited. GEEK TONIC is not responsible for the content of the website. GEEK TONIC also declines all responsibility for external links pointing to this site.<\/p>\n\n\n\n<h2 class=\"ls__heading wp-block-heading\" id=\"m-t-6\">PERSONAL DATA AND NOMINATIVE INFORMATION<\/h2>\n\n\n\n<p class=\"ls-paragraph\">You have the right to access, modify, rectify and delete data concerning you in accordance with Article 34 of the French Data Protection Act (Loi &#8221; Informatique et Libert\u00e9s &#8221; n\u00b0 78-17 du 6 janvier 1978, modified on August 6, 2018). To exercise your right of access, simply send a written request to the site editor.<\/p>\n\n\n\n<h2 class=\"ls__heading wp-block-heading\">LEGISLATION<\/h2>\n\n\n\n<p class=\"ls-paragraph\">In accordance with the law of March 11, 1957 (art. 41) and the intellectual property code of July 1, 1992, it is forbidden to reproduce any part of the site in whole or in part without prior authorization from the site editor. Logos, visuals, photos, videos, graphic charts and texts are the property of their respective owners. This site may be linked to other sites through hyperlinks. The site editor declines all responsibility for the information presented on these other sites. The Internet user acknowledges that use of this site is governed by French law.<\/p>\n\n\n    <\/div>\n<\/section>","protected":false},"excerpt":{"rendered":"","protected":false},"author":1,"featured_media":0,"parent":0,"menu_order":0,"comment_status":"closed","ping_status":"closed","template":"","meta":{"_acf_changed":false,"footnotes":""},"sujet":[],"class_list":["post-1837","page","type-page","status-publish","hentry"],"acf":[],"yoast_head":"<!-- This site is optimized with the Yoast SEO plugin v23.4 - https:\/\/yoast.com\/wordpress\/plugins\/seo\/ -->\n<title>Legal information - Camping Les Clarines<\/title>\n<meta name=\"robots\" content=\"noindex, nofollow\" \/>\n<meta property=\"og:locale\" content=\"en_US\" \/>\n<meta property=\"og:type\" content=\"article\" \/>\n<meta property=\"og:title\" content=\"Legal information - Camping Les Clarines\" \/>\n<meta property=\"og:url\" content=\"https:\/\/www.camping-les-clarines.com\/en\/full-marks\/\" \/>\n<meta property=\"og:site_name\" content=\"Camping Les Clarines\" \/>\n<meta property=\"article:modified_time\" content=\"2026-04-30T12:33:49+00:00\" \/>\n<meta name=\"twitter:card\" content=\"summary_large_image\" \/>\n<meta name=\"twitter:label1\" content=\"Est. reading time\" \/>\n\t<meta name=\"twitter:data1\" content=\"2 minutes\" \/>\n<script type=\"application\/ld+json\" class=\"yoast-schema-graph\">{\"@context\":\"https:\/\/schema.org\",\"@graph\":[{\"@type\":\"WebPage\",\"@id\":\"https:\/\/www.camping-les-clarines.com\/en\/full-marks\/\",\"url\":\"https:\/\/www.camping-les-clarines.com\/en\/full-marks\/\",\"name\":\"Legal information - Camping Les Clarines\",\"isPartOf\":{\"@id\":\"https:\/\/www.camping-les-clarines.com\/#website\"},\"datePublished\":\"2023-10-06T13:58:59+00:00\",\"dateModified\":\"2026-04-30T12:33:49+00:00\",\"breadcrumb\":{\"@id\":\"https:\/\/www.camping-les-clarines.com\/en\/full-marks\/#breadcrumb\"},\"inLanguage\":\"en-US\",\"potentialAction\":[{\"@type\":\"ReadAction\",\"target\":[\"https:\/\/www.camping-les-clarines.com\/en\/full-marks\/\"]}]},{\"@type\":\"BreadcrumbList\",\"@id\":\"https:\/\/www.camping-les-clarines.com\/en\/full-marks\/#breadcrumb\",\"itemListElement\":[{\"@type\":\"ListItem\",\"position\":1,\"name\":\"Camping Puy-de-D\u00f4me\",\"item\":\"https:\/\/www.camping-les-clarines.com\/en\/\"},{\"@type\":\"ListItem\",\"position\":2,\"name\":\"Legal information\"}]},{\"@type\":\"WebSite\",\"@id\":\"https:\/\/www.camping-les-clarines.com\/#website\",\"url\":\"https:\/\/www.camping-les-clarines.com\/\",\"name\":\"Camping Les Clarines\",\"description\":\"\",\"publisher\":{\"@id\":\"https:\/\/www.camping-les-clarines.com\/#organization\"},\"potentialAction\":[{\"@type\":\"SearchAction\",\"target\":{\"@type\":\"EntryPoint\",\"urlTemplate\":\"https:\/\/www.camping-les-clarines.com\/?s={search_term_string}\"},\"query-input\":{\"@type\":\"PropertyValueSpecification\",\"valueRequired\":true,\"valueName\":\"search_term_string\"}}],\"inLanguage\":\"en-US\"},{\"@type\":\"Organization\",\"@id\":\"https:\/\/www.camping-les-clarines.com\/#organization\",\"name\":\"Camping Les Clarines\",\"url\":\"https:\/\/www.camping-les-clarines.com\/\",\"logo\":{\"@type\":\"ImageObject\",\"inLanguage\":\"en-US\",\"@id\":\"https:\/\/www.camping-les-clarines.com\/#\/schema\/logo\/image\/\",\"url\":\"https:\/\/www.camping-les-clarines.com\/wp-content\/uploads\/2023\/05\/camping-les-clarines.png\",\"contentUrl\":\"https:\/\/www.camping-les-clarines.com\/wp-content\/uploads\/2023\/05\/camping-les-clarines.png\",\"width\":250,\"height\":188,\"caption\":\"Camping Les Clarines\"},\"image\":{\"@id\":\"https:\/\/www.camping-les-clarines.com\/#\/schema\/logo\/image\/\"}}]}<\/script>\n<!-- \/ Yoast SEO plugin. -->","yoast_head_json":{"title":"Legal information - Camping Les Clarines","robots":{"index":"noindex","follow":"nofollow"},"og_locale":"en_US","og_type":"article","og_title":"Legal information - Camping Les Clarines","og_url":"https:\/\/www.camping-les-clarines.com\/en\/full-marks\/","og_site_name":"Camping Les Clarines","article_modified_time":"2026-04-30T12:33:49+00:00","twitter_card":"summary_large_image","twitter_misc":{"Est. reading time":"2 minutes"},"schema":{"@context":"https:\/\/schema.org","@graph":[{"@type":"WebPage","@id":"https:\/\/www.camping-les-clarines.com\/en\/full-marks\/","url":"https:\/\/www.camping-les-clarines.com\/en\/full-marks\/","name":"Legal information - Camping Les Clarines","isPartOf":{"@id":"https:\/\/www.camping-les-clarines.com\/#website"},"datePublished":"2023-10-06T13:58:59+00:00","dateModified":"2026-04-30T12:33:49+00:00","breadcrumb":{"@id":"https:\/\/www.camping-les-clarines.com\/en\/full-marks\/#breadcrumb"},"inLanguage":"en-US","potentialAction":[{"@type":"ReadAction","target":["https:\/\/www.camping-les-clarines.com\/en\/full-marks\/"]}]},{"@type":"BreadcrumbList","@id":"https:\/\/www.camping-les-clarines.com\/en\/full-marks\/#breadcrumb","itemListElement":[{"@type":"ListItem","position":1,"name":"Camping Puy-de-D\u00f4me","item":"https:\/\/www.camping-les-clarines.com\/en\/"},{"@type":"ListItem","position":2,"name":"Legal information"}]},{"@type":"WebSite","@id":"https:\/\/www.camping-les-clarines.com\/#website","url":"https:\/\/www.camping-les-clarines.com\/","name":"Camping Les Clarines","description":"","publisher":{"@id":"https:\/\/www.camping-les-clarines.com\/#organization"},"potentialAction":[{"@type":"SearchAction","target":{"@type":"EntryPoint","urlTemplate":"https:\/\/www.camping-les-clarines.com\/?s={search_term_string}"},"query-input":{"@type":"PropertyValueSpecification","valueRequired":true,"valueName":"search_term_string"}}],"inLanguage":"en-US"},{"@type":"Organization","@id":"https:\/\/www.camping-les-clarines.com\/#organization","name":"Camping Les Clarines","url":"https:\/\/www.camping-les-clarines.com\/","logo":{"@type":"ImageObject","inLanguage":"en-US","@id":"https:\/\/www.camping-les-clarines.com\/#\/schema\/logo\/image\/","url":"https:\/\/www.camping-les-clarines.com\/wp-content\/uploads\/2023\/05\/camping-les-clarines.png","contentUrl":"https:\/\/www.camping-les-clarines.com\/wp-content\/uploads\/2023\/05\/camping-les-clarines.png","width":250,"height":188,"caption":"Camping Les Clarines"},"image":{"@id":"https:\/\/www.camping-les-clarines.com\/#\/schema\/logo\/image\/"}}]}},"_links":{"self":[{"href":"https:\/\/www.camping-les-clarines.com\/en\/wp-json\/wp\/v2\/pages\/1837","targetHints":{"allow":["GET"]}}],"collection":[{"href":"https:\/\/www.camping-les-clarines.com\/en\/wp-json\/wp\/v2\/pages"}],"about":[{"href":"https:\/\/www.camping-les-clarines.com\/en\/wp-json\/wp\/v2\/types\/page"}],"author":[{"embeddable":true,"href":"https:\/\/www.camping-les-clarines.com\/en\/wp-json\/wp\/v2\/users\/1"}],"replies":[{"embeddable":true,"href":"https:\/\/www.camping-les-clarines.com\/en\/wp-json\/wp\/v2\/comments?post=1837"}],"version-history":[{"count":2,"href":"https:\/\/www.camping-les-clarines.com\/en\/wp-json\/wp\/v2\/pages\/1837\/revisions"}],"predecessor-version":[{"id":2186,"href":"https:\/\/www.camping-les-clarines.com\/en\/wp-json\/wp\/v2\/pages\/1837\/revisions\/2186"}],"wp:attachment":[{"href":"https:\/\/www.camping-les-clarines.com\/en\/wp-json\/wp\/v2\/media?parent=1837"}],"wp:term":[{"taxonomy":"sujet","embeddable":true,"href":"https:\/\/www.camping-les-clarines.com\/en\/wp-json\/wp\/v2\/sujet?post=1837"}],"curies":[{"name":"wp","href":"https:\/\/api.w.org\/{rel}","templated":true}]}}